{"id":2143,"date":"2025-12-14T23:11:38","date_gmt":"2025-12-15T04:11:38","guid":{"rendered":"https:\/\/litacandela.com\/?page_id=2143"},"modified":"2026-01-02T22:55:13","modified_gmt":"2026-01-03T03:55:13","slug":"arte-digital-descargables","status":"publish","type":"page","link":"https:\/\/litacandela.com\/index.php\/arte-digital-descargables\/","title":{"rendered":"Descargables"},"content":{"rendered":"<div class=\"wpb-content-wrapper\"><p>[vc_row][vc_column offset=&#8221;vc_hidden-lg vc_hidden-md&#8221;][vc_single_image image=&#8221;2144&#8243; img_size=&#8221;full&#8221; alignment=&#8221;center&#8221; css=&#8221;&#8221;][\/vc_column][\/vc_row][vc_row][vc_column offset=&#8221;vc_hidden-sm vc_hidden-xs&#8221;][vc_single_image image=&#8221;2145&#8243; img_size=&#8221;full&#8221; alignment=&#8221;center&#8221; css=&#8221;&#8221;][\/vc_column][\/vc_row][vc_row][vc_column][vc_custom_heading text=&#8221;\u00a1Compra, descarga e imprime donde est\u00e9s!&#8221; font_container=&#8221;tag:p|font_size:25|text_align:center&#8221; google_fonts=&#8221;font_family:Fjalla%20One%3Aregular|font_style:400%20regular%3A400%3Anormal&#8221; css=&#8221;&#8221;][vc_empty_space height=&#8221;100&#8243;][\/vc_column][\/vc_row][vc_row][vc_column][vc_custom_heading text=&#8221;Atendido por su due\u00f1a &lt;3&#8243; font_container=&#8221;tag:h2|font_size:18|text_align:center&#8221; google_fonts=&#8221;font_family:PT%20Sans%3Aregular%2Citalic%2C700%2C700italic|font_style:400%20regular%3A400%3Anormal&#8221; css=&#8221;&#8221;][vc_empty_space height=&#8221;100&#8243;][\/vc_column][\/vc_row][vc_row][vc_column][vc_custom_heading text=&#8221;Los precios est\u00e1n en pesos Colombianos, al entrar a cada producto podr\u00e1s ver el precio en d\u00f3lares.&#8221; font_container=&#8221;tag:h2|font_size:18|text_align:center&#8221; google_fonts=&#8221;font_family:PT%20Sans%3Aregular%2Citalic%2C700%2C700italic|font_style:400%20regular%3A400%3Anormal&#8221; css=&#8221;&#8221;][vc_empty_space height=&#8221;100&#8243;][vc_custom_heading text=&#8221;Si est\u00e1s fuera de Colombia y quieres comprar:&#8221; font_container=&#8221;tag:h2|font_size:18|text_align:center&#8221; google_fonts=&#8221;font_family:PT%20Sans%3Aregular%2Citalic%2C700%2C700italic|font_style:700%20bold%20regular%3A700%3Anormal&#8221; css=&#8221;&#8221;][vc_btn title=&#8221;COMPRAR FUERA DE COLOMBIA&#8221; style=&#8221;flat&#8221; shape=&#8221;square&#8221; color=&#8221;black&#8221; align=&#8221;center&#8221; css=&#8221;&#8221; link=&#8221;url:https%3A%2F%2Fwww.etsy.com%2Fshop%2FLitacandelaStudio%3Fref%3Dshop_profile%26listing_id%3D4422686500&#8243;][vc_empty_space height=&#8221;100&#8243;][\/vc_column][\/vc_row][vc_row][vc_column]<div class=\"woocommerce columns-2 \"><ul class=\"products columns-2\">\n<li class=\"product type-product post-2135 status-publish first instock product_cat-arte-digital product_tag-arte product_tag-cuadros product_tag-poster has-post-thumbnail downloadable virtual purchasable product-type-simple\">\n\t<a href=\"https:\/\/litacandela.com\/index.php\/producto\/no-more-mariquera-archivo\/\" class=\"woocommerce-LoopProduct-link woocommerce-loop-product__link\"><img loading=\"lazy\" decoding=\"async\" width=\"300\" height=\"300\" src=\"https:\/\/litacandela.com\/wp-content\/uploads\/2025\/12\/NOMORE-MINI-300x300.jpg\" class=\"attachment-woocommerce_thumbnail size-woocommerce_thumbnail\" alt=\"NO MORE MARIQUERA - (Archivo)\" srcset=\"https:\/\/litacandela.com\/wp-content\/uploads\/2025\/12\/NOMORE-MINI.jpg 300w, https:\/\/litacandela.com\/wp-content\/uploads\/2025\/12\/NOMORE-MINI-150x150.jpg 150w, https:\/\/litacandela.com\/wp-content\/uploads\/2025\/12\/NOMORE-MINI-60x60.jpg 60w, https:\/\/litacandela.com\/wp-content\/uploads\/2025\/12\/NOMORE-MINI-80x80.jpg 80w, https:\/\/litacandela.com\/wp-content\/uploads\/2025\/12\/NOMORE-MINI-100x100.jpg 100w, https:\/\/litacandela.com\/wp-content\/uploads\/2025\/12\/NOMORE-MINI-120x120.jpg 120w, https:\/\/litacandela.com\/wp-content\/uploads\/2025\/12\/NOMORE-MINI-140x140.jpg 140w, https:\/\/litacandela.com\/wp-content\/uploads\/2025\/12\/NOMORE-MINI-200x200.jpg 200w\" sizes=\"auto, 100vw\" \/><h2 class=\"woocommerce-loop-product__title\">NO MORE MARIQUERA &#8211; (Archivo)<\/h2>\n\t<span class=\"price\"><span class=\"woocommerce-Price-amount amount\"><bdi><span class=\"woocommerce-Price-currencySymbol\">$<\/span>&nbsp;59.000<\/bdi><\/span><\/span>\n<\/a><a href=\"\/index.php\/wp-json\/wp\/v2\/pages\/2143?add-to-cart=2135\" aria-describedby=\"woocommerce_loop_add_to_cart_link_describedby_2135\" data-quantity=\"1\" class=\"button product_type_simple add_to_cart_button ajax_add_to_cart\" data-product_id=\"2135\" data-product_sku=\"\" aria-label=\"A\u00f1adir al carrito: &ldquo;NO MORE MARIQUERA - (Archivo)&rdquo;\" rel=\"nofollow\" data-success_message=\"\u00abNO MORE MARIQUERA - (Archivo)\u00bb se ha a\u00f1adido a tu carrito\" role=\"button\">A\u00f1adir al carrito<\/a><a href=\"#\" id=\"sp-wqv-view-button\" class=\"button sp-wqv-view-button after_add_to_cart\" data-id=\"2135\" data-effect=\"mfp-move-from-top\" data-wqv='{\"close_button\": 1, \"ajax_cart\": 1, \"image_title\" : false, \"lightbox\": 0,\"preloader\": 1,\"preloader_label\": \"Loading...\" } '>Quick View<\/a>\t<span id=\"woocommerce_loop_add_to_cart_link_describedby_2135\" class=\"screen-reader-text\">\n\t\t\t<\/span>\n<\/li>\n<li class=\"product type-product post-2169 status-publish last instock product_cat-arte-digital product_tag-arte product_tag-cuadros product_tag-poster has-post-thumbnail downloadable virtual purchasable product-type-simple\">\n\t<a href=\"https:\/\/litacandela.com\/index.php\/producto\/go-ahead-archivo\/\" class=\"woocommerce-LoopProduct-link woocommerce-loop-product__link\"><img loading=\"lazy\" decoding=\"async\" width=\"250\" height=\"300\" src=\"https:\/\/litacandela.com\/wp-content\/uploads\/2025\/12\/Go-Ahead-By-Lita-Candela-Colombialight-250x300.jpg\" class=\"attachment-woocommerce_thumbnail size-woocommerce_thumbnail\" alt=\"Go Ahead - (Archivo)\" sizes=\"auto, 100vw\" \/><h2 class=\"woocommerce-loop-product__title\">Go Ahead &#8211; (Archivo)<\/h2>\n\t<span class=\"price\"><span class=\"woocommerce-Price-amount amount\"><bdi><span class=\"woocommerce-Price-currencySymbol\">$<\/span>&nbsp;59.000<\/bdi><\/span><\/span>\n<\/a><a href=\"\/index.php\/wp-json\/wp\/v2\/pages\/2143?add-to-cart=2169\" aria-describedby=\"woocommerce_loop_add_to_cart_link_describedby_2169\" data-quantity=\"1\" class=\"button product_type_simple add_to_cart_button ajax_add_to_cart\" data-product_id=\"2169\" data-product_sku=\"\" aria-label=\"A\u00f1adir al carrito: &ldquo;Go Ahead - (Archivo)&rdquo;\" rel=\"nofollow\" data-success_message=\"\u00abGo Ahead - (Archivo)\u00bb se ha a\u00f1adido a tu carrito\" role=\"button\">A\u00f1adir al carrito<\/a><a href=\"#\" id=\"sp-wqv-view-button\" class=\"button sp-wqv-view-button after_add_to_cart\" data-id=\"2169\" data-effect=\"mfp-move-from-top\" data-wqv='{\"close_button\": 1, \"ajax_cart\": 1, \"image_title\" : false, \"lightbox\": 0,\"preloader\": 1,\"preloader_label\": \"Loading...\" } '>Quick View<\/a>\t<span id=\"woocommerce_loop_add_to_cart_link_describedby_2169\" class=\"screen-reader-text\">\n\t\t\t<\/span>\n<\/li>\n<li class=\"product type-product post-2155 status-publish first instock product_cat-arte-digital product_tag-arte product_tag-cuadros product_tag-poster has-post-thumbnail downloadable virtual purchasable product-type-simple\">\n\t<a href=\"https:\/\/litacandela.com\/index.php\/producto\/los-honguitos-cuento-descargable\/\" class=\"woocommerce-LoopProduct-link woocommerce-loop-product__link\"><img loading=\"lazy\" decoding=\"async\" width=\"300\" height=\"300\" src=\"https:\/\/litacandela.com\/wp-content\/uploads\/2025\/12\/honguitos1-300x300.png\" class=\"attachment-woocommerce_thumbnail size-woocommerce_thumbnail\" alt=\"Los Honguitos - Cuento Descargable\" srcset=\"https:\/\/litacandela.com\/wp-content\/uploads\/2025\/12\/honguitos1-300x300.png 300w, https:\/\/litacandela.com\/wp-content\/uploads\/2025\/12\/honguitos1-150x150.png 150w, https:\/\/litacandela.com\/wp-content\/uploads\/2025\/12\/honguitos1-60x60.png 60w, https:\/\/litacandela.com\/wp-content\/uploads\/2025\/12\/honguitos1-80x80.png 80w, https:\/\/litacandela.com\/wp-content\/uploads\/2025\/12\/honguitos1-100x100.png 100w, https:\/\/litacandela.com\/wp-content\/uploads\/2025\/12\/honguitos1-120x120.png 120w, https:\/\/litacandela.com\/wp-content\/uploads\/2025\/12\/honguitos1-140x140.png 140w, https:\/\/litacandela.com\/wp-content\/uploads\/2025\/12\/honguitos1-200x200.png 200w, https:\/\/litacandela.com\/wp-content\/uploads\/2025\/12\/honguitos1-360x360.png 360w, https:\/\/litacandela.com\/wp-content\/uploads\/2025\/12\/honguitos1-390x390.png 390w, https:\/\/litacandela.com\/wp-content\/uploads\/2025\/12\/honguitos1-460x460.png 460w, https:\/\/litacandela.com\/wp-content\/uploads\/2025\/12\/honguitos1.png 554w\" sizes=\"auto, 100vw\" \/><h2 class=\"woocommerce-loop-product__title\">Los Honguitos &#8211; Cuento Descargable<\/h2>\n\t<span class=\"price\"><span class=\"woocommerce-Price-amount amount\"><bdi><span class=\"woocommerce-Price-currencySymbol\">$<\/span>&nbsp;30.000<\/bdi><\/span><\/span>\n<\/a><a href=\"\/index.php\/wp-json\/wp\/v2\/pages\/2143?add-to-cart=2155\" aria-describedby=\"woocommerce_loop_add_to_cart_link_describedby_2155\" data-quantity=\"1\" class=\"button product_type_simple add_to_cart_button ajax_add_to_cart\" data-product_id=\"2155\" data-product_sku=\"\" aria-label=\"A\u00f1adir al carrito: &ldquo;Los Honguitos - Cuento Descargable&rdquo;\" rel=\"nofollow\" data-success_message=\"\u00abLos Honguitos - Cuento Descargable\u00bb se ha a\u00f1adido a tu carrito\" role=\"button\">A\u00f1adir al carrito<\/a><a href=\"#\" id=\"sp-wqv-view-button\" class=\"button sp-wqv-view-button after_add_to_cart\" data-id=\"2155\" data-effect=\"mfp-move-from-top\" data-wqv='{\"close_button\": 1, \"ajax_cart\": 1, \"image_title\" : false, \"lightbox\": 0,\"preloader\": 1,\"preloader_label\": \"Loading...\" } '>Quick View<\/a>\t<span id=\"woocommerce_loop_add_to_cart_link_describedby_2155\" class=\"screen-reader-text\">\n\t\t\t<\/span>\n<\/li>\n<li class=\"product type-product post-2160 status-publish last instock product_cat-arte-digital product_tag-arte product_tag-cuadros product_tag-descargables product_tag-journals product_tag-poster has-post-thumbnail downloadable virtual purchasable product-type-simple\">\n\t<a href=\"https:\/\/litacandela.com\/index.php\/producto\/real-mom-planner-descargable\/\" class=\"woocommerce-LoopProduct-link woocommerce-loop-product__link\"><img loading=\"lazy\" decoding=\"async\" width=\"300\" height=\"300\" src=\"https:\/\/litacandela.com\/wp-content\/uploads\/2025\/12\/mock1-300x300.jpg\" class=\"attachment-woocommerce_thumbnail size-woocommerce_thumbnail\" alt=\"Real Mom Planner - Descargable\" srcset=\"https:\/\/litacandela.com\/wp-content\/uploads\/2025\/12\/mock1-300x300.jpg 300w, https:\/\/litacandela.com\/wp-content\/uploads\/2025\/12\/mock1-150x150.jpg 150w, https:\/\/litacandela.com\/wp-content\/uploads\/2025\/12\/mock1-600x600.jpg 600w, https:\/\/litacandela.com\/wp-content\/uploads\/2025\/12\/mock1-60x60.jpg 60w, https:\/\/litacandela.com\/wp-content\/uploads\/2025\/12\/mock1-80x80.jpg 80w, https:\/\/litacandela.com\/wp-content\/uploads\/2025\/12\/mock1-100x100.jpg 100w, https:\/\/litacandela.com\/wp-content\/uploads\/2025\/12\/mock1-120x120.jpg 120w, https:\/\/litacandela.com\/wp-content\/uploads\/2025\/12\/mock1-140x140.jpg 140w, https:\/\/litacandela.com\/wp-content\/uploads\/2025\/12\/mock1-200x200.jpg 200w, https:\/\/litacandela.com\/wp-content\/uploads\/2025\/12\/mock1-360x360.jpg 360w, https:\/\/litacandela.com\/wp-content\/uploads\/2025\/12\/mock1-390x390.jpg 390w, https:\/\/litacandela.com\/wp-content\/uploads\/2025\/12\/mock1-460x460.jpg 460w, https:\/\/litacandela.com\/wp-content\/uploads\/2025\/12\/mock1-554x554.jpg 554w, https:\/\/litacandela.com\/wp-content\/uploads\/2025\/12\/mock1.jpg 800w\" sizes=\"auto, 100vw\" \/><h2 class=\"woocommerce-loop-product__title\">Real Mom Planner &#8211; Descargable<\/h2>\n\t<span class=\"price\"><span class=\"woocommerce-Price-amount amount\"><bdi><span class=\"woocommerce-Price-currencySymbol\">$<\/span>&nbsp;20.000<\/bdi><\/span><\/span>\n<\/a><a href=\"\/index.php\/wp-json\/wp\/v2\/pages\/2143?add-to-cart=2160\" aria-describedby=\"woocommerce_loop_add_to_cart_link_describedby_2160\" data-quantity=\"1\" class=\"button product_type_simple add_to_cart_button ajax_add_to_cart\" data-product_id=\"2160\" data-product_sku=\"\" aria-label=\"A\u00f1adir al carrito: &ldquo;Real Mom Planner - Descargable&rdquo;\" rel=\"nofollow\" data-success_message=\"\u00abReal Mom Planner - Descargable\u00bb se ha a\u00f1adido a tu carrito\" role=\"button\">A\u00f1adir al carrito<\/a><a href=\"#\" id=\"sp-wqv-view-button\" class=\"button sp-wqv-view-button after_add_to_cart\" data-id=\"2160\" data-effect=\"mfp-move-from-top\" data-wqv='{\"close_button\": 1, \"ajax_cart\": 1, \"image_title\" : false, \"lightbox\": 0,\"preloader\": 1,\"preloader_label\": \"Loading...\" } '>Quick View<\/a>\t<span id=\"woocommerce_loop_add_to_cart_link_describedby_2160\" class=\"screen-reader-text\">\n\t\t\t<\/span>\n<\/li>\n<\/ul>\n<\/div>[\/vc_column][\/vc_row]<\/p>\n<\/div>","protected":false},"excerpt":{"rendered":"<p>[vc_row][vc_column offset=&#8221;vc_hidden-lg vc_hidden-md&#8221;][vc_single_image image=&#8221;2144&#8243; img_size=&#8221;full&#8221; alignment=&#8221;center&#8221; css=&#8221;&#8221;][\/vc_column][\/vc_row][vc_row][vc_column offset=&#8221;vc_hidden-sm vc_hidden-xs&#8221;][vc_single_image image=&#8221;2145&#8243; img_size=&#8221;full&#8221; alignment=&#8221;center&#8221; css=&#8221;&#8221;][\/vc_column][\/vc_row][vc_row][vc_column][vc_custom_heading text=&#8221;\u00a1Compra, descarga e imprime donde est\u00e9s!&#8221; font_container=&#8221;tag:p|font_size:25|text_align:center&#8221; google_fonts=&#8221;font_family:Fjalla%20One%3Aregular|font_style:400%20regular%3A400%3Anormal&#8221; css=&#8221;&#8221;][vc_empty_space height=&#8221;100&#8243;][\/vc_column][\/vc_row][vc_row][vc_column][vc_custom_heading text=&#8221;Atendido por su due\u00f1a &lt;3&#8243; font_container=&#8221;tag:h2|font_size:18|text_align:center&#8221; google_fonts=&#8221;font_family:PT%20Sans%3Aregular%2Citalic%2C700%2C700italic|font_style:400%20regular%3A400%3Anormal&#8221; css=&#8221;&#8221;][vc_empty_space height=&#8221;100&#8243;][\/vc_column][\/vc_row][vc_row][vc_column][vc_custom_heading text=&#8221;Los precios est\u00e1n en pesos Colombianos, al entrar a cada producto podr\u00e1s ver el precio en d\u00f3lares.&#8221; font_container=&#8221;tag:h2|font_size:18|text_align:center&#8221; google_fonts=&#8221;font_family:PT%20Sans%3Aregular%2Citalic%2C700%2C700italic|font_style:400%20regular%3A400%3Anormal&#8221; css=&#8221;&#8221;][vc_empty_space height=&#8221;100&#8243;][vc_custom_heading text=&#8221;Si est\u00e1s &hellip; <\/p>\n<p class=\"link-more\"><a href=\"https:\/\/litacandela.com\/index.php\/arte-digital-descargables\/\" class=\"more-link\">Leer m\u00e1s<span class=\"screen-reader-text\"> \u00abDescargables\u00bb<\/span><\/a><\/p>\n","protected":false},"author":1,"featured_media":0,"parent":0,"menu_order":0,"comment_status":"closed","ping_status":"closed","template":"","meta":{"footnotes":""},"class_list":["post-2143","page","type-page","status-publish","hentry"],"jetpack_sharing_enabled":true,"featured_media_urls":[],"_links":{"self":[{"href":"https:\/\/litacandela.com\/index.php\/wp-json\/wp\/v2\/pages\/2143","targetHints":{"allow":["GET"]}}],"collection":[{"href":"https:\/\/litacandela.com\/index.php\/wp-json\/wp\/v2\/pages"}],"about":[{"href":"https:\/\/litacandela.com\/index.php\/wp-json\/wp\/v2\/types\/page"}],"author":[{"embeddable":true,"href":"https:\/\/litacandela.com\/index.php\/wp-json\/wp\/v2\/users\/1"}],"replies":[{"embeddable":true,"href":"https:\/\/litacandela.com\/index.php\/wp-json\/wp\/v2\/comments?post=2143"}],"version-history":[{"count":19,"href":"https:\/\/litacandela.com\/index.php\/wp-json\/wp\/v2\/pages\/2143\/revisions"}],"predecessor-version":[{"id":2212,"href":"https:\/\/litacandela.com\/index.php\/wp-json\/wp\/v2\/pages\/2143\/revisions\/2212"}],"wp:attachment":[{"href":"https:\/\/litacandela.com\/index.php\/wp-json\/wp\/v2\/media?parent=2143"}],"curies":[{"name":"wp","href":"https:\/\/api.w.org\/{rel}","templated":true}]}}