{"id":1479,"date":"2025-11-15T22:08:21","date_gmt":"2025-11-16T03:08:21","guid":{"rendered":"https:\/\/litacandela.com\/?post_type=product&#038;p=1479"},"modified":"2026-04-20T10:07:19","modified_gmt":"2026-04-20T15:07:19","slug":"crea-tu-vestido-largo","status":"publish","type":"product","link":"https:\/\/litacandela.com\/index.php\/producto\/crea-tu-vestido-largo\/","title":{"rendered":"Crea tu Vestido LARGO"},"content":{"rendered":"<p>Elige tu estampado, escote mangas.<br \/>\nTodas las semanas encontrar\u00e1s nuevos estampados.<br \/>\nSi quieres alg\u00fan estampado que a\u00fan no est\u00e1 disponible, escr\u00edbeme.<\/p>\n","protected":false},"excerpt":{"rendered":"<p>Elige tu estampado, escote mangas.<br \/>\nTodas las semanas encontrar\u00e1s nuevos estampados.<br \/>\nSi quieres alg\u00fan estampado que a\u00fan no est\u00e1 disponible, escr\u00edbeme.<\/p>\n","protected":false},"featured_media":1272,"comment_status":"open","ping_status":"closed","template":"","meta":[],"product_brand":[],"product_cat":[19],"product_tag":[],"class_list":{"0":"post-1479","1":"product","2":"type-product","3":"status-publish","4":"has-post-thumbnail","6":"product_cat-vestidos-largos","8":"first","9":"instock","10":"shipping-taxable","11":"purchasable","12":"product-type-variable"},"jetpack_sharing_enabled":true,"featured_media_urls":{"thumbnail":["https:\/\/litacandela.com\/wp-content\/uploads\/2025\/08\/plantilla-labbase-150x150.jpg",150,150,true],"medium":["https:\/\/litacandela.com\/wp-content\/uploads\/2025\/08\/plantilla-labbase-195x300.jpg",195,300,true],"medium_large":["https:\/\/litacandela.com\/wp-content\/uploads\/2025\/08\/plantilla-labbase.jpg",768,1181,false],"large":["https:\/\/litacandela.com\/wp-content\/uploads\/2025\/08\/plantilla-labbase-666x1024.jpg",666,1024,true],"1536x1536":["https:\/\/litacandela.com\/wp-content\/uploads\/2025\/08\/plantilla-labbase-999x1536.jpg",999,1536,true],"2048x2048":["https:\/\/litacandela.com\/wp-content\/uploads\/2025\/08\/plantilla-labbase.jpg",1080,1661,false],"wpt-testimonial-thumbnail-60":["https:\/\/litacandela.com\/wp-content\/uploads\/2025\/08\/plantilla-labbase-60x60.jpg",60,60,true],"wpt-testimonial-thumbnail-80":["https:\/\/litacandela.com\/wp-content\/uploads\/2025\/08\/plantilla-labbase-80x80.jpg",80,80,true],"wpt-testimonial-thumbnail-100":["https:\/\/litacandela.com\/wp-content\/uploads\/2025\/08\/plantilla-labbase-100x100.jpg",100,100,true],"wpt-testimonial-thumbnail-120":["https:\/\/litacandela.com\/wp-content\/uploads\/2025\/08\/plantilla-labbase-120x120.jpg",120,120,true],"wpt-testimonial-thumbnail-140":["https:\/\/litacandela.com\/wp-content\/uploads\/2025\/08\/plantilla-labbase-140x140.jpg",140,140,true],"wpt-testimonial-thumbnail-200":["https:\/\/litacandela.com\/wp-content\/uploads\/2025\/08\/plantilla-labbase-200x200.jpg",200,200,true],"wpt-testimonial-thumbnail-360":["https:\/\/litacandela.com\/wp-content\/uploads\/2025\/08\/plantilla-labbase-360x360.jpg",360,360,true],"wpt-testimonial-thumbnail-390":["https:\/\/litacandela.com\/wp-content\/uploads\/2025\/08\/plantilla-labbase-390x390.jpg",390,390,true],"wpt-testimonial-thumbnail-460":["https:\/\/litacandela.com\/wp-content\/uploads\/2025\/08\/plantilla-labbase-460x460.jpg",460,460,true],"wpt-testimonial-thumbnail-554":["https:\/\/litacandela.com\/wp-content\/uploads\/2025\/08\/plantilla-labbase-554x554.jpg",554,554,true],"inspiro-featured-image":["https:\/\/litacandela.com\/wp-content\/uploads\/2025\/08\/plantilla-labbase.jpg",1080,1661,false],"inspiro-loop":["https:\/\/litacandela.com\/wp-content\/uploads\/2025\/08\/plantilla-labbase-950x320.jpg",950,320,true],"inspiro-loop@2x":["https:\/\/litacandela.com\/wp-content\/uploads\/2025\/08\/plantilla-labbase-1080x640.jpg",1080,640,true],"woocommerce_thumbnail":["https:\/\/litacandela.com\/wp-content\/uploads\/2025\/08\/plantilla-labbase-300x300.jpg",300,300,true],"woocommerce_single":["https:\/\/litacandela.com\/wp-content\/uploads\/2025\/08\/plantilla-labbase-600x923.jpg",600,923,true],"woocommerce_gallery_thumbnail":["https:\/\/litacandela.com\/wp-content\/uploads\/2025\/08\/plantilla-labbase-100x100.jpg",100,100,true],"portfolio_item-thumbnail":["https:\/\/litacandela.com\/wp-content\/uploads\/2025\/08\/plantilla-labbase-600x400.jpg",600,400,true],"portfolio_item-thumbnail@2x":["https:\/\/litacandela.com\/wp-content\/uploads\/2025\/08\/plantilla-labbase-1080x800.jpg",1080,800,true],"portfolio_item-masonry":["https:\/\/litacandela.com\/wp-content\/uploads\/2025\/08\/plantilla-labbase-600x923.jpg",600,923,true],"portfolio_item-masonry@2x":["https:\/\/litacandela.com\/wp-content\/uploads\/2025\/08\/plantilla-labbase.jpg",1080,1661,false],"portfolio_item-thumbnail_cinema":["https:\/\/litacandela.com\/wp-content\/uploads\/2025\/08\/plantilla-labbase-800x335.jpg",800,335,true],"portfolio_item-thumbnail_portrait":["https:\/\/litacandela.com\/wp-content\/uploads\/2025\/08\/plantilla-labbase-600x900.jpg",600,900,true],"portfolio_item-thumbnail_portrait@2x":["https:\/\/litacandela.com\/wp-content\/uploads\/2025\/08\/plantilla-labbase.jpg",1080,1661,false],"portfolio_item-thumbnail_square":["https:\/\/litacandela.com\/wp-content\/uploads\/2025\/08\/plantilla-labbase-800x800.jpg",800,800,true]},"_links":{"self":[{"href":"https:\/\/litacandela.com\/index.php\/wp-json\/wp\/v2\/product\/1479","targetHints":{"allow":["GET"]}}],"collection":[{"href":"https:\/\/litacandela.com\/index.php\/wp-json\/wp\/v2\/product"}],"about":[{"href":"https:\/\/litacandela.com\/index.php\/wp-json\/wp\/v2\/types\/product"}],"replies":[{"embeddable":true,"href":"https:\/\/litacandela.com\/index.php\/wp-json\/wp\/v2\/comments?post=1479"}],"wp:featuredmedia":[{"embeddable":true,"href":"https:\/\/litacandela.com\/index.php\/wp-json\/wp\/v2\/media\/1272"}],"wp:attachment":[{"href":"https:\/\/litacandela.com\/index.php\/wp-json\/wp\/v2\/media?parent=1479"}],"wp:term":[{"taxonomy":"product_brand","embeddable":true,"href":"https:\/\/litacandela.com\/index.php\/wp-json\/wp\/v2\/product_brand?post=1479"},{"taxonomy":"product_cat","embeddable":true,"href":"https:\/\/litacandela.com\/index.php\/wp-json\/wp\/v2\/product_cat?post=1479"},{"taxonomy":"product_tag","embeddable":true,"href":"https:\/\/litacandela.com\/index.php\/wp-json\/wp\/v2\/product_tag?post=1479"}],"curies":[{"name":"wp","href":"https:\/\/api.w.org\/{rel}","templated":true}]}}